{"id":179,"date":"2020-11-26T18:46:04","date_gmt":"2020-11-26T18:46:04","guid":{"rendered":"https:\/\/qi66.qodeinteractive.com\/?page_id=179"},"modified":"2024-11-19T14:13:37","modified_gmt":"2024-11-19T14:13:37","slug":"dr-burgos","status":"publish","type":"page","link":"https:\/\/drburgosescoliosis.com\/en\/dr-burgos\/","title":{"rendered":"Dr. Burgos"},"content":{"rendered":"<div data-elementor-type=\"wp-page\" data-elementor-id=\"179\" class=\"elementor elementor-179\">\n\t\t\t\t\t\t<section class=\"elementor-section elementor-top-section elementor-element elementor-element-df45dde elementor-section-full_width elementor-section-height-min-height qodef-elementor-content-grid elementor-section-height-default elementor-section-items-middle\" data-id=\"df45dde\" data-element_type=\"section\" data-e-type=\"section\" data-settings=\"{&quot;background_background&quot;:&quot;classic&quot;}\">\n\t\t\t\t\t\t\t<div class=\"elementor-background-overlay\"><\/div>\n\t\t\t\t\t\t\t<div class=\"elementor-container elementor-column-gap-default\">\n\t\t\t\t\t<div class=\"elementor-column elementor-col-100 elementor-top-column elementor-element elementor-element-bc8d9af\" data-id=\"bc8d9af\" data-element_type=\"column\" data-e-type=\"column\">\n\t\t\t<div class=\"elementor-widget-wrap elementor-element-populated\">\n\t\t\t\t\t\t<div class=\"elementor-element elementor-element-e1aa27b elementor-widget elementor-widget-qi_addons_for_elementor_section_title\" data-id=\"e1aa27b\" data-element_type=\"widget\" data-e-type=\"widget\" data-widget_type=\"qi_addons_for_elementor_section_title.default\">\n\t\t\t\t<div class=\"elementor-widget-container\">\n\t\t\t\t\t<div class=\"qodef-shortcode qodef-m qodef-qi-section-title qodef-decoration--italic qodef-link--underline-draw qodef-subtitle-icon--left\">\n\t\t\t\t\t\t<h1 class=\"qodef-m-title\">\n\t\tDr. Burgos\t<\/h1>\n\t\t\t<\/div>\n\t\t\t\t<\/div>\n\t\t\t\t<\/div>\n\t\t\t\t\t<\/div>\n\t\t<\/div>\n\t\t\t\t\t<\/div>\n\t\t<\/section>\n\t\t\t\t<section class=\"elementor-section elementor-top-section elementor-element elementor-element-d733397 qodef-elementor-content-grid elementor-section-boxed elementor-section-height-default elementor-section-height-default\" data-id=\"d733397\" data-element_type=\"section\" data-e-type=\"section\" data-settings=\"{&quot;background_background&quot;:&quot;classic&quot;}\">\n\t\t\t\t\t\t<div class=\"elementor-container elementor-column-gap-default\">\n\t\t\t\t\t<div class=\"elementor-column elementor-col-50 elementor-top-column elementor-element elementor-element-2993f5a\" data-id=\"2993f5a\" data-element_type=\"column\" data-e-type=\"column\">\n\t\t\t<div class=\"elementor-widget-wrap elementor-element-populated\">\n\t\t\t\t\t\t<div class=\"elementor-element elementor-element-5b49e14 elementor-invisible elementor-widget elementor-widget-image\" data-id=\"5b49e14\" data-element_type=\"widget\" data-e-type=\"widget\" data-settings=\"{&quot;_animation&quot;:&quot;fadeInLeft&quot;}\" data-widget_type=\"image.default\">\n\t\t\t\t<div class=\"elementor-widget-container\">\n\t\t\t\t\t\t\t\t\t\t\t\t\t\t\t<img fetchpriority=\"high\" decoding=\"async\" width=\"338\" height=\"350\" src=\"https:\/\/drburgosescoliosis.com\/wp-content\/uploads\/2024\/11\/Dr_burgos-1.jpg\" class=\"attachment-full size-full wp-image-870\" alt=\"\" srcset=\"https:\/\/drburgosescoliosis.com\/wp-content\/uploads\/2024\/11\/Dr_burgos-1.jpg 338w, https:\/\/drburgosescoliosis.com\/wp-content\/uploads\/2024\/11\/Dr_burgos-1-290x300.jpg 290w\" sizes=\"(max-width: 338px) 100vw, 338px\" \/>\t\t\t\t\t\t\t\t\t\t\t\t\t\t\t<\/div>\n\t\t\t\t<\/div>\n\t\t\t\t\t<\/div>\n\t\t<\/div>\n\t\t\t\t<div class=\"elementor-column elementor-col-50 elementor-top-column elementor-element elementor-element-3bc0ea9 elementor-invisible\" data-id=\"3bc0ea9\" data-element_type=\"column\" data-e-type=\"column\" data-settings=\"{&quot;animation&quot;:&quot;fadeInRight&quot;}\">\n\t\t\t<div class=\"elementor-widget-wrap elementor-element-populated\">\n\t\t\t\t\t\t<div class=\"elementor-element elementor-element-959697e elementor-widget elementor-widget-qi_addons_for_elementor_section_title\" data-id=\"959697e\" data-element_type=\"widget\" data-e-type=\"widget\" data-widget_type=\"qi_addons_for_elementor_section_title.default\">\n\t\t\t\t<div class=\"elementor-widget-container\">\n\t\t\t\t\t<div class=\"qodef-shortcode qodef-m qodef-qi-section-title qodef-decoration--italic qodef-link--underline-draw qodef-subtitle-icon--left\">\n\t\t\t\t\t\t<h2 class=\"qodef-m-title\">\n\t\tDr. Burgos\t<\/h2>\n\t\t\t<div class=\"qodef-m-text\"><p>Jesus Burgos Flores is a renowned spinal surgeon who specializes in the treatment of scoliosis and vertebral deformities.<\/p><p>He holds a Bachelor\u2019s degree in Medicine and Surgery from the Complutense University of Madrid, a Doctorate in Medicine and Surgery from the Alcal\u00e1 de Henares University, and completed his specialization in Orthopedic Surgery at the Ram\u00f3n y Cajal Hospital in Madrid.<\/p><\/div>\n\t<\/div>\n\t\t\t\t<\/div>\n\t\t\t\t<\/div>\n\t\t\t\t\t<\/div>\n\t\t<\/div>\n\t\t\t\t\t<\/div>\n\t\t<\/section>\n\t\t\t\t<section class=\"elementor-section elementor-top-section elementor-element elementor-element-92e0296 qodef-elementor-content-grid elementor-section-boxed elementor-section-height-default elementor-section-height-default\" data-id=\"92e0296\" data-element_type=\"section\" data-e-type=\"section\" data-settings=\"{&quot;background_background&quot;:&quot;classic&quot;}\">\n\t\t\t\t\t\t\t<div class=\"elementor-background-overlay\"><\/div>\n\t\t\t\t\t\t\t<div class=\"elementor-container elementor-column-gap-default\">\n\t\t\t\t\t<div class=\"elementor-column elementor-col-100 elementor-top-column elementor-element elementor-element-8e482b9\" data-id=\"8e482b9\" data-element_type=\"column\" data-e-type=\"column\">\n\t\t\t<div class=\"elementor-widget-wrap elementor-element-populated\">\n\t\t\t\t\t\t<div class=\"elementor-element elementor-element-5071dc9 elementor-widget elementor-widget-qi_addons_for_elementor_section_title\" data-id=\"5071dc9\" data-element_type=\"widget\" data-e-type=\"widget\" data-widget_type=\"qi_addons_for_elementor_section_title.default\">\n\t\t\t\t<div class=\"elementor-widget-container\">\n\t\t\t\t\t<div class=\"qodef-shortcode qodef-m qodef-qi-section-title qodef-decoration--italic qodef-link--underline-draw qodef-subtitle-icon--left\">\n\t\t\t\t\t\t<h2 class=\"qodef-m-title\">\n\t\tProfessional Activities\t<\/h2>\n\t\t\t<\/div>\n\t\t\t\t<\/div>\n\t\t\t\t<\/div>\n\t\t\t\t<div class=\"elementor-element elementor-element-b11d3a4 elementor-widget elementor-widget-qi_addons_for_elementor_section_title\" data-id=\"b11d3a4\" data-element_type=\"widget\" data-e-type=\"widget\" data-widget_type=\"qi_addons_for_elementor_section_title.default\">\n\t\t\t\t<div class=\"elementor-widget-container\">\n\t\t\t\t\t<div class=\"qodef-shortcode qodef-m qodef-qi-section-title qodef-decoration--italic qodef-link--underline-draw qodef-subtitle-icon--left\">\n\t\t\t\t\t\t\t\t<div class=\"qodef-m-text\"><ul><li>He was the Head of the Orthopedic Surgery and Traumatology Unit at Ram\u00f3n Cajal Hospital until December 2017.<\/li><li>Professor at the University of Alcala de Henares.<\/li><li>Titled researcher with numerous studies published in high-impact journals.<\/li><li>Experience in the treatment of scoliosis and spinal deformities, with over 1,000 cases treated annually and more than 100 patients treated surgically each year.<\/li><li>Training in the most important hospitals around the world in the treatment of vertebral deformities (TSRH in Texas, TWIN CITY CENTER in Minneapolis, Nuffield in Oxford).<\/li><\/ul><\/div>\n\t<\/div>\n\t\t\t\t<\/div>\n\t\t\t\t<\/div>\n\t\t\t\t\t<\/div>\n\t\t<\/div>\n\t\t\t\t\t<\/div>\n\t\t<\/section>\n\t\t<div class=\"elementor-element elementor-element-703a4bf e-con-full e-flex qodef-elementor-content-no e-con e-parent\" data-id=\"703a4bf\" data-element_type=\"container\" data-e-type=\"container\" data-settings=\"{&quot;background_background&quot;:&quot;classic&quot;}\">\n\t\t<div class=\"elementor-element elementor-element-66ce840 e-con-full e-flex qodef-elementor-content-no e-con e-child\" data-id=\"66ce840\" data-element_type=\"container\" data-e-type=\"container\" data-settings=\"{&quot;background_background&quot;:&quot;classic&quot;}\">\n\t\t\t\t<div class=\"elementor-element elementor-element-3156814 elementor-widget elementor-widget-spacer\" data-id=\"3156814\" data-element_type=\"widget\" data-e-type=\"widget\" data-widget_type=\"spacer.default\">\n\t\t\t\t<div class=\"elementor-widget-container\">\n\t\t\t\t\t\t\t<div class=\"elementor-spacer\">\n\t\t\t<div class=\"elementor-spacer-inner\"><\/div>\n\t\t<\/div>\n\t\t\t\t\t\t<\/div>\n\t\t\t\t<\/div>\n\t\t\t\t<\/div>\n\t\t<div class=\"elementor-element elementor-element-073db42 e-con-full e-flex qodef-elementor-content-no e-con e-child\" data-id=\"073db42\" data-element_type=\"container\" data-e-type=\"container\">\n\t\t\t\t<div class=\"elementor-element elementor-element-290eea5 elementor-widget elementor-widget-qi_addons_for_elementor_section_title\" data-id=\"290eea5\" data-element_type=\"widget\" data-e-type=\"widget\" data-widget_type=\"qi_addons_for_elementor_section_title.default\">\n\t\t\t\t<div class=\"elementor-widget-container\">\n\t\t\t\t\t<div class=\"qodef-shortcode qodef-m qodef-qi-section-title qodef-decoration--italic qodef-link--underline-draw qodef-subtitle-icon--left\">\n\t\t\t\t\t\t<h2 class=\"qodef-m-title\">\n\t\tMost Important Publications\t<\/h2>\n\t\t\t<\/div>\n\t\t\t\t<\/div>\n\t\t\t\t<\/div>\n\t\t\t\t<div class=\"elementor-element elementor-element-23802d2 elementor-widget elementor-widget-text-editor\" data-id=\"23802d2\" data-element_type=\"widget\" data-e-type=\"widget\" data-widget_type=\"text-editor.default\">\n\t\t\t\t<div class=\"elementor-widget-container\">\n\t\t\t\t\t\t\t\t\t<ul><li><a href=\"https:\/\/pubmed.ncbi.nlm.nih.gov\/28169958\/\" target=\"_blank\" rel=\"noopener\">Cardiorespiratory Function Does Not Improve 2 Years After Posterior Surgical Correction of Adolescent Idiopathic Scoliosis. Spine (Phila Pa 1976). 2017 Sep 15;42(18):1391-1397.<\/a><\/li><\/ul><ul><li><a href=\"https:\/\/onlinelibrary.wiley.com\/doi\/full\/10.1002\/jor.23617\" target=\"_blank\" rel=\"noopener\">Novel porcine experimental model of severe progressive thoracic scoliosis with compensatory curves induced by interpedicular bent rigid temporary tethering. J. Orthop. Res., 36: 174-182.<\/a><\/li><\/ul><ul><li><a href=\"https:\/\/pubmed.ncbi.nlm.nih.gov\/36983408\/\" target=\"_blank\" rel=\"noopener\">Fusionless All-Pedicle Screws for Posterior Deformity Correction in AIS Immature Patients Permit the Restoration of Normal Vertebral Morphology and Removal of the Instrumentation Once Bone Maturity Is Reached. J Clin Med. 2023 Mar 21;12(6):2408.<\/a><\/li><\/ul><ul><li><a href=\"https:\/\/www.thespinejournalonline.com\/article\/S1529-9430(24)00104-9\/abstract\" target=\"_blank\" rel=\"noopener\">Elevated blood metal ion levels in patients undergoing instrumented spinal surgery: a systematic review and meta-analysis. The Spine Journal. Volume 24, Issue 6p947-960June 2024<\/a><\/li><\/ul><ul><li><a href=\"https:\/\/pubmed.ncbi.nlm.nih.gov\/34527680\/\" target=\"_blank\" rel=\"noopener\">Non-uniform Segmental Range of Motion of the Thoracic Spine During Maximal Inspiration and Exhalation in Healthy Subjects. Front Med (Lausanne). 2021 Aug 30;8:699357. doi: 10.3389\/fmed.2021.699357. PMID: 34527680; PMCID: PMC8435595.<\/a><\/li><\/ul><ul><li><a href=\"https:\/\/link.springer.com\/article\/10.1007\/s00586-024-08165-1#citeas\" target=\"_blank\" rel=\"noopener\">Incidence and risk factors of distal adjacent disc degeneration in adolescent idiopathic scoliosis patients undergoing fusion surgery: a systematic review and meta-analysis. Eur Spine J 33, 1624\u20131636 (2024). https:\/\/doi.org\/10.1007\/s00586-024-08165-1<\/a><\/li><\/ul><p><strong>&gt;\u00a0 \u00a0<\/strong><a href=\"https:\/\/s3-eu-west-1.amazonaws.com\/www.drburgosescoliosis.com\/revistas+internacionales+y+nacionales.pdf\" target=\"_blank\" rel=\"noopener\"><strong>\u00a0\u00a0List of publications in international journals<\/strong><\/a><\/p>\t\t\t\t\t\t\t\t<\/div>\n\t\t\t\t<\/div>\n\t\t\t\t<\/div>\n\t\t\t\t<\/div>\n\t\t\t\t<section class=\"elementor-section elementor-top-section elementor-element elementor-element-b71df5c qodef-elementor-content-grid elementor-section-boxed elementor-section-height-default elementor-section-height-default\" data-id=\"b71df5c\" data-element_type=\"section\" data-e-type=\"section\">\n\t\t\t\t\t\t\t<div class=\"elementor-background-overlay\"><\/div>\n\t\t\t\t\t\t\t<div class=\"elementor-container elementor-column-gap-default\">\n\t\t\t\t\t<div class=\"elementor-column elementor-col-50 elementor-top-column elementor-element elementor-element-9e3a26e\" data-id=\"9e3a26e\" data-element_type=\"column\" data-e-type=\"column\">\n\t\t\t<div class=\"elementor-widget-wrap elementor-element-populated\">\n\t\t\t\t\t\t<div class=\"elementor-element elementor-element-aab94ac elementor-widget elementor-widget-qi_addons_for_elementor_section_title\" data-id=\"aab94ac\" data-element_type=\"widget\" data-e-type=\"widget\" data-widget_type=\"qi_addons_for_elementor_section_title.default\">\n\t\t\t\t<div class=\"elementor-widget-container\">\n\t\t\t\t\t<div class=\"qodef-shortcode qodef-m qodef-qi-section-title qodef-decoration--italic qodef-link--underline-draw qodef-subtitle-icon--left\">\n\t\t\t\t\t\t<h2 class=\"qodef-m-title\">\n\t\tMost Important Awards\t<\/h2>\n\t\t\t<\/div>\n\t\t\t\t<\/div>\n\t\t\t\t<\/div>\n\t\t\t\t\t<\/div>\n\t\t<\/div>\n\t\t\t\t<div class=\"elementor-column elementor-col-50 elementor-top-column elementor-element elementor-element-a24447b\" data-id=\"a24447b\" data-element_type=\"column\" data-e-type=\"column\">\n\t\t\t<div class=\"elementor-widget-wrap elementor-element-populated\">\n\t\t\t\t\t\t<div class=\"elementor-element elementor-element-53bb323 elementor-widget elementor-widget-qi_addons_for_elementor_section_title\" data-id=\"53bb323\" data-element_type=\"widget\" data-e-type=\"widget\" data-widget_type=\"qi_addons_for_elementor_section_title.default\">\n\t\t\t\t<div class=\"elementor-widget-container\">\n\t\t\t\t\t<div class=\"qodef-shortcode qodef-m qodef-qi-section-title qodef-decoration--italic qodef-link--underline-draw qodef-subtitle-icon--left\">\n\t\t\t\t\t\t\t\t<div class=\"qodef-m-text\"><ul><li><a href=\"https:\/\/www.lavozdegalicia.es\/noticia\/coruna\/2006\/11\/17\/san-rafael-premia-investigacion-jesus-burgos-sobre-escoliosis\/0003_5294321.htm\">Rafael Hervada Award for Biomedical Research. Edition 2005-2006. La Coru\u00f1a, November 17, 2006<\/a><\/li><li><a href=\"http:\/\/www.sofcot.fr\/Composantes\/Academie\/Prix-du-congres\">PRIX FICOT (Fondation Pour L\u2019innovation En Orthop\u00e9die Et Traumatologie) Prix D\u2019innovation En Chirurgie Orthop\u00e9dique Et Traumatologique: \u201cProtocole neurophysiologique pour l\u2019identification perop\u00e9ratoire du niveau de la l\u00e9sion apr\u00e8s blessure de la moelle \u00e9pini\u00e8re lors de chirurgie de la colonne\u201d SOCIEDAD FRANCESA DE CIRUG\u00cdA ORTOP\u00c9DICA Y TRAUMATOLOG\u00cdA.2015<\/a><\/li><li><a href=\"https:\/\/www.ucv.es\/actualidad\/hemeroteca?id=4153\">AWARD FOR THE BEST COMMUNICATION OF THE XII IBERO-LATINO-AMERICAN SOCIETY CONGRESS AND XXVII GEER CONGRESS. MAY 30-JUNE 1, 2013 FOR THE COMMUNICATION: \u201cMEDULAR TOLERANCE TO INTRAOPERATIVE COMPRESSION. DIFFERENCES BETWEEN FAST AND SLOW COMPRESSION. EXPERIMENTAL STUDY\u201d.<\/a><\/li><\/ul><p><strong>&gt;\u00a0 \u00a0<\/strong><a href=\"https:\/\/s3-eu-west-1.amazonaws.com\/www.drburgosescoliosis.com\/PREMIOS.pdf\"><strong>\u00a0\u00a0Full list of awards<\/strong><\/a><\/p><\/div>\n\t<\/div>\n\t\t\t\t<\/div>\n\t\t\t\t<\/div>\n\t\t\t\t\t<\/div>\n\t\t<\/div>\n\t\t\t\t\t<\/div>\n\t\t<\/section>\n\t\t\t\t<section class=\"elementor-section elementor-top-section elementor-element elementor-element-0946718 qodef-elementor-content-grid elementor-section-boxed elementor-section-height-default elementor-section-height-default\" data-id=\"0946718\" data-element_type=\"section\" data-e-type=\"section\" data-settings=\"{&quot;background_background&quot;:&quot;classic&quot;}\">\n\t\t\t\t\t\t\t<div class=\"elementor-background-overlay\"><\/div>\n\t\t\t\t\t\t\t<div class=\"elementor-container elementor-column-gap-default\">\n\t\t\t\t\t<div class=\"elementor-column elementor-col-100 elementor-top-column elementor-element elementor-element-8d638f3\" data-id=\"8d638f3\" data-element_type=\"column\" data-e-type=\"column\">\n\t\t\t<div class=\"elementor-widget-wrap elementor-element-populated\">\n\t\t\t\t\t\t<div class=\"elementor-element elementor-element-a2b3644 elementor-widget elementor-widget-qi_addons_for_elementor_section_title\" data-id=\"a2b3644\" data-element_type=\"widget\" data-e-type=\"widget\" data-widget_type=\"qi_addons_for_elementor_section_title.default\">\n\t\t\t\t<div class=\"elementor-widget-container\">\n\t\t\t\t\t<div class=\"qodef-shortcode qodef-m qodef-qi-section-title qodef-decoration--italic qodef-link--underline-draw qodef-subtitle-icon--left\">\n\t\t\t\t\t\t<h2 class=\"qodef-m-title\">\n\t\tMost Important Conferences and Presentations\t<\/h2>\n\t\t\t<\/div>\n\t\t\t\t<\/div>\n\t\t\t\t<\/div>\n\t\t\t\t<div class=\"elementor-element elementor-element-55a4520 elementor-widget elementor-widget-qi_addons_for_elementor_section_title\" data-id=\"55a4520\" data-element_type=\"widget\" data-e-type=\"widget\" data-widget_type=\"qi_addons_for_elementor_section_title.default\">\n\t\t\t\t<div class=\"elementor-widget-container\">\n\t\t\t\t\t<div class=\"qodef-shortcode qodef-m qodef-qi-section-title qodef-decoration--italic qodef-link--underline-draw qodef-subtitle-icon--left\">\n\t\t\t\t\t\t\t\t<div class=\"qodef-m-text\"><ul><li>INEFFICIENCY OF PREOPERATIVE DONATED AUTOLOGOUS BLOOD TO DECREASE TRANSFUSION REQUIREMENTS AFTER SURGERY IN AIS PATIENTS. SCOLIOSIS RESEARCH SOCIETY. 49 ANNUAL MEETING &amp; COURSE, 10-13 SEPTIEMBRE , 2014.<\/li><li>LONG TERM EFFECTS OF THORACIC PEDICLE SCREW WITH INTRAOPERATIVE UNDETECTED INVASION OF THE SPINAL CANAL AT THE CONVEXITY OF SCOLIOTUC PATIENTS. 48TH MEETING OF SCOLIOSIS RESEARCH SOCIETY. LYON 18-21 SEPTEMBER 2013.<\/li><li>CORRECTION OF SEVERE SCOLIOSIS BY POSTERIOR-ONLY APPROACH WITH SMITH-PETERSEN OSTEOTOMIES USING SIMULTANEOUS DEROTATION AND PEDICLE ALIGNMENT TECHNIQUE. 18 th IMAST, COPENHAGEN, JULY 13-16 2011.<p><strong>&gt;<\/strong> \u00a0 <a href=\"https:\/\/s3-eu-west-1.amazonaws.com\/www.drburgosescoliosis.com\/Conferencias+y+Ponencias+internacionales+y+nacionales.pdf\">International and national conferences\/ presentations<\/a><\/p><p><strong>&gt;<\/strong> \u00a0 <a href=\"https:\/\/s3-eu-west-1.amazonaws.com\/www.drburgosescoliosis.com\/Congresos+internacionales+y+nacionales.pdf\">International and national congresses.<\/a><\/p><\/li><\/ul><\/div>\n\t<\/div>\n\t\t\t\t<\/div>\n\t\t\t\t<\/div>\n\t\t\t\t\t<\/div>\n\t\t<\/div>\n\t\t\t\t\t<\/div>\n\t\t<\/section>\n\t\t\t\t<section class=\"elementor-section elementor-top-section elementor-element elementor-element-25c66e3 qodef-elementor-content-grid elementor-section-boxed elementor-section-height-default elementor-section-height-default\" data-id=\"25c66e3\" data-element_type=\"section\" data-e-type=\"section\" data-settings=\"{&quot;background_background&quot;:&quot;classic&quot;}\">\n\t\t\t\t\t\t\t<div class=\"elementor-background-overlay\"><\/div>\n\t\t\t\t\t\t\t<div class=\"elementor-container elementor-column-gap-default\">\n\t\t\t\t\t<div class=\"elementor-column elementor-col-50 elementor-top-column elementor-element elementor-element-2122a93\" data-id=\"2122a93\" data-element_type=\"column\" data-e-type=\"column\">\n\t\t\t<div class=\"elementor-widget-wrap elementor-element-populated\">\n\t\t\t\t\t\t<div class=\"elementor-element elementor-element-ebbbf1d elementor-widget elementor-widget-qi_addons_for_elementor_section_title\" data-id=\"ebbbf1d\" data-element_type=\"widget\" data-e-type=\"widget\" data-widget_type=\"qi_addons_for_elementor_section_title.default\">\n\t\t\t\t<div class=\"elementor-widget-container\">\n\t\t\t\t\t<div class=\"qodef-shortcode qodef-m qodef-qi-section-title qodef-decoration--italic qodef-link--underline-draw qodef-subtitle-icon--left\">\n\t\t\t\t\t\t<h2 class=\"qodef-m-title\">\n\t\tMost Important Books\t<\/h2>\n\t\t\t<\/div>\n\t\t\t\t<\/div>\n\t\t\t\t<\/div>\n\t\t\t\t\t<\/div>\n\t\t<\/div>\n\t\t\t\t<div class=\"elementor-column elementor-col-50 elementor-top-column elementor-element elementor-element-ae95d2c\" data-id=\"ae95d2c\" data-element_type=\"column\" data-e-type=\"column\">\n\t\t\t<div class=\"elementor-widget-wrap elementor-element-populated\">\n\t\t\t\t\t\t<div class=\"elementor-element elementor-element-02040a8 elementor-widget elementor-widget-qi_addons_for_elementor_section_title\" data-id=\"02040a8\" data-element_type=\"widget\" data-e-type=\"widget\" data-widget_type=\"qi_addons_for_elementor_section_title.default\">\n\t\t\t\t<div class=\"elementor-widget-container\">\n\t\t\t\t\t<div class=\"qodef-shortcode qodef-m qodef-qi-section-title qodef-decoration--italic qodef-link--underline-draw qodef-subtitle-icon--left\">\n\t\t\t\t\t\t\t\t<div class=\"qodef-m-text\"><ul><li><a href=\"http:\/\/www.medicapanamericana.com\/Autores\/Autor\/21771\/Jesus-Burgos-Flores.html\">PATHOLOGY OF THE VERTEBRAL COLUMN. IBERO-LATIN AMERICAN SOCIETY OF VERTEBRAL COLUMN. EDITOR: JES\u00daS BURGOS FLORES, ENRIQUE IZQUIERDO, HORACIO SARRAMEA. EDITORIAL M\u00c9DICA PANAMERICANA. MADRID. ISBN: 9788491100348. 2016<\/a><\/li><li>ANTERIOR ENDOSCOPIC SURGERY OF THORACO-LUMBAR SPINE. MAPFRE MEDICINA, 1996.<\/li><\/ul><p><strong>&gt;\u00a0 \u00a0\u00a0<\/strong><a href=\"https:\/\/s3-eu-west-1.amazonaws.com\/www.drburgosescoliosis.com\/LIBROS.pdf\"><strong>\u00a0\u00a0Complete list of books and book collaborations<\/strong><\/a><\/p><\/div>\n\t<\/div>\n\t\t\t\t<\/div>\n\t\t\t\t<\/div>\n\t\t\t\t\t<\/div>\n\t\t<\/div>\n\t\t\t\t\t<\/div>\n\t\t<\/section>\n\t\t\t\t<\/div>","protected":false},"excerpt":{"rendered":"<p>Dr. Burgos Dr. Burgos Jes\u00fas Burgos Flores es un reputado doctor especialista en el tratamiento de la escoliosis y en las deformidades vertebrales. Es Licenciado en Medicina y Cirug\u00eda por la Universidad Complutense de Madrid, Doctor en Medicina y Cirug\u00eda en la Universidad Alcal\u00e1 de Henares e hizo su especialidad en Cirug\u00eda Ortop\u00e9dica en el [&hellip;]<\/p>\n","protected":false},"author":3,"featured_media":0,"parent":0,"menu_order":0,"comment_status":"closed","ping_status":"closed","template":"qi-full-width.php","meta":{"_joinchat":[],"footnotes":""},"class_list":["post-179","page","type-page","status-publish","hentry"],"_links":{"self":[{"href":"https:\/\/drburgosescoliosis.com\/en\/wp-json\/wp\/v2\/pages\/179","targetHints":{"allow":["GET"]}}],"collection":[{"href":"https:\/\/drburgosescoliosis.com\/en\/wp-json\/wp\/v2\/pages"}],"about":[{"href":"https:\/\/drburgosescoliosis.com\/en\/wp-json\/wp\/v2\/types\/page"}],"author":[{"embeddable":true,"href":"https:\/\/drburgosescoliosis.com\/en\/wp-json\/wp\/v2\/users\/3"}],"replies":[{"embeddable":true,"href":"https:\/\/drburgosescoliosis.com\/en\/wp-json\/wp\/v2\/comments?post=179"}],"version-history":[{"count":174,"href":"https:\/\/drburgosescoliosis.com\/en\/wp-json\/wp\/v2\/pages\/179\/revisions"}],"predecessor-version":[{"id":1390,"href":"https:\/\/drburgosescoliosis.com\/en\/wp-json\/wp\/v2\/pages\/179\/revisions\/1390"}],"wp:attachment":[{"href":"https:\/\/drburgosescoliosis.com\/en\/wp-json\/wp\/v2\/media?parent=179"}],"curies":[{"name":"wp","href":"https:\/\/api.w.org\/{rel}","templated":true}]}}